{"id":322,"date":"2025-10-06T17:59:51","date_gmt":"2025-10-06T17:59:51","guid":{"rendered":"https:\/\/forismeheszet.hu\/?page_id=322"},"modified":"2025-10-06T19:11:38","modified_gmt":"2025-10-06T19:11:38","slug":"impresszum","status":"publish","type":"page","link":"https:\/\/forismeheszet.hu\/index.php\/impresszum\/","title":{"rendered":"Impresszum"},"content":{"rendered":"\t\t<div data-elementor-type=\"wp-page\" data-elementor-id=\"322\" class=\"elementor elementor-322\">\n\t\t\t\t<div class=\"elementor-element elementor-element-48a1bb5 e-flex e-con-boxed e-con e-parent\" data-id=\"48a1bb5\" data-element_type=\"container\">\n\t\t\t\t\t<div class=\"e-con-inner\">\n\t\t\t\t<div class=\"elementor-element elementor-element-9133da8 elementor-widget elementor-widget-heading\" data-id=\"9133da8\" data-element_type=\"widget\" data-widget_type=\"heading.default\">\n\t\t\t\t\t<h2 class=\"elementor-heading-title elementor-size-default\">Impresszum<\/h2>\t\t\t\t<\/div>\n\t\t\t\t\t<\/div>\n\t\t\t\t<\/div>\n\t\t<div class=\"elementor-element elementor-element-240848a e-flex e-con-boxed e-con e-parent\" data-id=\"240848a\" data-element_type=\"container\">\n\t\t\t\t\t<div class=\"e-con-inner\">\n\t\t\t\t<div class=\"elementor-element elementor-element-3e33b79 elementor-widget elementor-widget-text-editor\" data-id=\"3e33b79\" data-element_type=\"widget\" data-widget_type=\"text-editor.default\">\n\t\t\t\t\t\t\t\t\t<h4>A<strong> honlap fenntart\u00f3ja:<\/strong><\/h4><p><strong>F\u00f3ris \u00c1rp\u00e1d Lajos &#8211; m\u00e9h\u00e9sz, \u0151stermel\u0151<\/strong><br \/><strong>C\u00edm: 2335 Taksony, F\u00e1c\u00e1n u. 13.<\/strong><br \/><strong>Ad\u00f3sz\u00e1m: 56370083-1-33<\/strong><\/p><h4><strong>El\u00e9rhet\u0151s\u00e9gek:<\/strong><\/h4><p><strong>Levelez\u00e9si c\u00edm: 2335 Taksony, F\u00e1c\u00e1n u. 13.<\/strong><br \/><strong>Telefon: +36-70-525-8167 (h\u00e9tk\u00f6znap 8-17 \u00f3r\u00e1ig)<\/strong><br \/><strong>Email:\u00a0<a href=\"mailto:monika8904@gmail.com\">monika8904@gmail.com<\/a><\/strong><\/p><h4>Szem\u00e9lyes \u00e1tv\u00e9tel<\/h4><div>\u00a0<strong style=\"font-size: 1rem;\">2335 Taksony, F\u00e1c\u00e1n u. 13.<\/strong><\/div>\t\t\t\t\t\t\t\t<\/div>\n\t\t\t\t\t<\/div>\n\t\t\t\t<\/div>\n\t\t\t\t<\/div>\n\t\t","protected":false},"excerpt":{"rendered":"<p>Impresszum A honlap fenntart\u00f3ja: F\u00f3ris \u00c1rp\u00e1d Lajos &#8211; m\u00e9h\u00e9sz, \u0151stermel\u0151C\u00edm: 2335 Taksony, F\u00e1c\u00e1n u. 13.Ad\u00f3sz\u00e1m: 56370083-1-33 El\u00e9rhet\u0151s\u00e9gek: Levelez\u00e9si c\u00edm: 2335 [&hellip;]<\/p>\n","protected":false},"author":1,"featured_media":0,"parent":0,"menu_order":0,"comment_status":"closed","ping_status":"closed","template":"","meta":{"_seopress_robots_primary_cat":"","_seopress_titles_title":"","_seopress_titles_desc":"","_seopress_robots_index":"","site-sidebar-layout":"no-sidebar","site-content-layout":"","ast-site-content-layout":"full-width-container","site-content-style":"default","site-sidebar-style":"default","ast-global-header-display":"","ast-banner-title-visibility":"","ast-main-header-display":"","ast-hfb-above-header-display":"","ast-hfb-below-header-display":"","ast-hfb-mobile-header-display":"","site-post-title":"","ast-breadcrumbs-content":"","ast-featured-img":"disabled","footer-sml-layout":"","theme-transparent-header-meta":"","adv-header-id-meta":"","stick-header-meta":"","header-above-stick-meta":"","header-main-stick-meta":"","header-below-stick-meta":"","astra-migrate-meta-layouts":"default","ast-page-background-enabled":"default","ast-page-background-meta":{"desktop":{"background-color":"var(--ast-global-color-5)","background-image":"","background-repeat":"repeat","background-position":"center center","background-size":"auto","background-attachment":"scroll","background-type":"","background-media":"","overlay-type":"","overlay-color":"","overlay-opacity":"","overlay-gradient":""},"tablet":{"background-color":"","background-image":"","background-repeat":"repeat","background-position":"center center","background-size":"auto","background-attachment":"scroll","background-type":"","background-media":"","overlay-type":"","overlay-color":"","overlay-opacity":"","overlay-gradient":""},"mobile":{"background-color":"","background-image":"","background-repeat":"repeat","background-position":"center center","background-size":"auto","background-attachment":"scroll","background-type":"","background-media":"","overlay-type":"","overlay-color":"","overlay-opacity":"","overlay-gradient":""}},"ast-content-background-meta":{"desktop":{"background-color":"var(--ast-global-color-4)","background-image":"","background-repeat":"repeat","background-position":"center center","background-size":"auto","background-attachment":"scroll","background-type":"","background-media":"","overlay-type":"","overlay-color":"","overlay-opacity":"","overlay-gradient":""},"tablet":{"background-color":"var(--ast-global-color-4)","background-image":"","background-repeat":"repeat","background-position":"center center","background-size":"auto","background-attachment":"scroll","background-type":"","background-media":"","overlay-type":"","overlay-color":"","overlay-opacity":"","overlay-gradient":""},"mobile":{"background-color":"var(--ast-global-color-4)","background-image":"","background-repeat":"repeat","background-position":"center center","background-size":"auto","background-attachment":"scroll","background-type":"","background-media":"","overlay-type":"","overlay-color":"","overlay-opacity":"","overlay-gradient":""}},"footnotes":""},"class_list":["post-322","page","type-page","status-publish","hentry"],"jetpack_sharing_enabled":true,"_links":{"self":[{"href":"https:\/\/forismeheszet.hu\/index.php\/wp-json\/wp\/v2\/pages\/322","targetHints":{"allow":["GET"]}}],"collection":[{"href":"https:\/\/forismeheszet.hu\/index.php\/wp-json\/wp\/v2\/pages"}],"about":[{"href":"https:\/\/forismeheszet.hu\/index.php\/wp-json\/wp\/v2\/types\/page"}],"author":[{"embeddable":true,"href":"https:\/\/forismeheszet.hu\/index.php\/wp-json\/wp\/v2\/users\/1"}],"replies":[{"embeddable":true,"href":"https:\/\/forismeheszet.hu\/index.php\/wp-json\/wp\/v2\/comments?post=322"}],"version-history":[{"count":7,"href":"https:\/\/forismeheszet.hu\/index.php\/wp-json\/wp\/v2\/pages\/322\/revisions"}],"predecessor-version":[{"id":355,"href":"https:\/\/forismeheszet.hu\/index.php\/wp-json\/wp\/v2\/pages\/322\/revisions\/355"}],"wp:attachment":[{"href":"https:\/\/forismeheszet.hu\/index.php\/wp-json\/wp\/v2\/media?parent=322"}],"curies":[{"name":"wp","href":"https:\/\/api.w.org\/{rel}","templated":true}]}}