{"id":363,"date":"2025-10-06T21:00:15","date_gmt":"2025-10-06T21:00:15","guid":{"rendered":"https:\/\/forismeheszet.hu\/?page_id=363"},"modified":"2025-10-06T21:05:45","modified_gmt":"2025-10-06T21:05:45","slug":"cookie-policy","status":"publish","type":"page","link":"https:\/\/forismeheszet.hu\/index.php\/cookie-policy\/","title":{"rendered":"Cookie Policy"},"content":{"rendered":"\t\t<div data-elementor-type=\"wp-page\" data-elementor-id=\"363\" class=\"elementor elementor-363\">\n\t\t\t\t<div class=\"elementor-element elementor-element-fc03dab e-flex e-con-boxed e-con e-parent\" data-id=\"fc03dab\" data-element_type=\"container\">\n\t\t\t\t\t<div class=\"e-con-inner\">\n\t\t\t\t<div class=\"elementor-element elementor-element-da3479f elementor-widget elementor-widget-html\" data-id=\"da3479f\" data-element_type=\"widget\" data-widget_type=\"html.default\">\n\t\t\t\t\t<!-- Start CookieYes cookie policy -->\n<style>\n  a.cky-banner-element {\n    padding: 8px 30px;\n    background: #f8f9fa;\n    color: #858a8f;\n    border: 1px solid #dee2e6;\n    box-sizing: border-box;\n    border-radius: 2px;\n    cursor: pointer\n  }\n<\/style>\n<h1 class=\"cookie-policy-h1\">Cookie Policy<\/h1>\n<div class=\"cookie-policy-date-container\">\n  <p>Effective date: October 06, 2025<\/p>\n  <p>Last updated: October 06, 2025<\/p>\n<\/div>&nbsp;<h2>Mik azok a Cookie-k (s\u00fctik)?<\/h2>\n<div class=\"cookie-policy-p\">\n  <p><span style=\"background-color: rgb(255, 255, 255); color: rgb(34, 34, 34);\">A cookie-k kism\u00e9ret\u0171 sz\u00f6veges f\u00e1jlok, amelyek kism\u00e9ret\u0171 inform\u00e1ci\u00f3k t\u00e1rol\u00e1s\u00e1ra szolg\u00e1lnak. A cookie-k az \u00d6n eszk\u00f6z\u00e9n t\u00e1rol\u00f3dnak, amikor a weboldal bet\u00f6lt\u0151dik a b\u00f6ng\u00e9sz\u0151j\u00e9be. Ezek a s\u00fctik seg\u00edtenek abban, hogy a weboldal megfelel\u0151en m\u0171k\u00f6dj\u00f6n, biztons\u00e1gosabb\u00e1 tegy\u00fck a webhelyet, jobb felhaszn\u00e1l\u00f3i \u00e9lm\u00e9nyt ny\u00fajtanak, \u00e9s meg\u00e9rts\u00fck, hogyan m\u0171k\u00f6dik a weboldal, \u00e9s elemezz\u00fck, mi m\u0171k\u00f6dik, \u00e9s hol van sz\u00fcks\u00e9g fejleszt\u00e9sre.<\/span><\/p>\n  <p><br><\/p>\n<\/div>&nbsp;<h2>Hogy haszn\u00e1ljuk a Cookie-kat (S\u00fctiket)?<\/h2>\n<div class=\"cookie-policy-p\">\n  <p><span style=\"background-color: rgb(255, 255, 255); color: rgb(34, 34, 34);\">A legt\u00f6bb online szolg\u00e1ltat\u00e1shoz hasonl\u00f3an weboldalunk is sz\u00e1mos c\u00e9lb\u00f3l haszn\u00e1l bels\u0151 \u00e9s harmadik f\u00e9lt\u0151l sz\u00e1rmaz\u00f3 cookie-kat. A bels\u0151 cookie-k t\u00f6bbnyire a weboldal megfelel\u0151 m\u0171k\u00f6d\u00e9s\u00e9hez sz\u00fcks\u00e9gesek, \u00e9s nem gy\u0171jtik az \u00d6n szem\u00e9lyazonos\u00edt\u00e1sra alkalmas adatait.<\/span><\/p>\n  <p><span style=\"background-color: rgb(255, 255, 255); color: rgb(34, 34, 34);\">A weboldalainkon haszn\u00e1lt harmadik f\u00e9lt\u0151l sz\u00e1rmaz\u00f3 cookie-k els\u0151sorban a webhely m\u0171k\u00f6d\u00e9s\u00e9nek, a webhely\u00fcnkkel val\u00f3 interakci\u00f3j\u00e1nak meg\u00e9rt\u00e9s\u00e9re szolg\u00e1lnak, szolg\u00e1ltat\u00e1saink biztons\u00e1g\u00e1nak meg\u0151rz\u00e9s\u00e9re, az \u00d6n sz\u00e1m\u00e1ra relev\u00e1ns hirdet\u00e9sek megjelen\u00edt\u00e9s\u00e9re, \u00e9s \u00f6sszess\u00e9g\u00e9ben jobb \u00e9s jobb felhaszn\u00e1l\u00f3i \u00e9lm\u00e9nyt, \u00e9s felgyors\u00edthatja webhely\u00fcnkkel val\u00f3 j\u00f6v\u0151beni interakci\u00f3it.<\/span><\/p>\n  <p><br><\/p>\n<\/div>&nbsp;<h2>Milyen Cookie-kat (s\u00fctiket) haszn\u00e1lunk?<\/h2>\n<div class=\"cky-audit-table-element\"><\/div>&nbsp;<h2 style=\"margin-bottom: 20px\">Hogyan szab\u00e1lyozhatom a cookie-be\u00e1ll\u00edt\u00e1sokat?<\/h2><a class=\"cky-banner-element\">Consent Preferences<\/a><br \/>\n<div>\n  <h3><br><\/h3>\n  <p><span style=\"background-color: rgb(255, 255, 255); color: rgb(34, 34, 34);\">A cookie-k be\u00e1ll\u00edt\u00e1sait \u00fagy kezelheti, hogy a \u201eTov\u00e1bbi lehet\u0151s\u00e9gek\u201d gombra kattint, \u00e9s az el\u0151ugr\u00f3 ablakban az \u00d6n preferenci\u00e1i szerint enged\u00e9lyezi vagy letiltja a cookie-kateg\u00f3ri\u00e1kat.Ha \u00fagy d\u00f6nt, hogy k\u00e9s\u0151bb, a b\u00f6ng\u00e9sz\u00e9s sor\u00e1n m\u00f3dos\u00edtja be\u00e1ll\u00edt\u00e1sait, kattintson a k\u00e9perny\u0151n az \u201ePrivacy &amp; Cookie Policy\u201d\u201d f\u00fclre. Ekkor ism\u00e9t megjelenik a beleegyez\u0151 nyilatkozat, amely lehet\u0151v\u00e9 teszi a be\u00e1ll\u00edt\u00e1sok m\u00f3dos\u00edt\u00e1s\u00e1t vagy a hozz\u00e1j\u00e1rul\u00e1s teljes visszavon\u00e1s\u00e1t.Ha t\u00f6bbet szeretne megtudni a cookie-k kezel\u00e9s\u00e9r\u0151l \u00e9s t\u00f6rl\u00e9s\u00e9r\u0151l, l\u00e1togasson el a wikipedia.org, <\/span><a href=\"http:\/\/www.allaboutcookies.org\/\" rel=\"noopener noreferrer\" target=\"_blank\" style=\"background-color: rgb(255, 255, 255); color: rgb(195, 0, 16);\">http:\/\/www.allaboutcookies.org<\/a><span style=\"background-color: rgb(255, 255, 255); color: rgb(34, 34, 34);\">. webhelyekre.<\/span><\/p>\n  <p><br><\/p>\n  <p><br><\/p>\n  <p><br><\/p>\n  <p><br><\/p>\n  <p><br><\/p>\n  <p><br><\/p>\n<\/div>&nbsp;<p class=\"cookie-policy-p\"> Cookie Policy generated by <a target=\"_blank\" rel=\"noopener noreferrer\" href=\"https:\/\/www.cookieyes.com\/?utm_source=CP&utm_medium=footer&utm_campaign=UW\">CookieYes - Cookie Policy Generator<\/a><\/p>\n<!-- End CookieYes cookie policy -->\t\t\t\t<\/div>\n\t\t\t\t\t<\/div>\n\t\t\t\t<\/div>\n\t\t\t\t<\/div>\n\t\t","protected":false},"excerpt":{"rendered":"<p>Cookie Policy Effective date: October 06, 2025 Last updated: October 06, 2025 &nbsp; Mik azok a Cookie-k (s\u00fctik)? A cookie-k [&hellip;]<\/p>\n","protected":false},"author":1,"featured_media":0,"parent":0,"menu_order":0,"comment_status":"closed","ping_status":"closed","template":"","meta":{"_seopress_robots_primary_cat":"","_seopress_titles_title":"","_seopress_titles_desc":"","_seopress_robots_index":"","site-sidebar-layout":"no-sidebar","site-content-layout":"","ast-site-content-layout":"full-width-container","site-content-style":"default","site-sidebar-style":"default","ast-global-header-display":"","ast-banner-title-visibility":"","ast-main-header-display":"","ast-hfb-above-header-display":"","ast-hfb-below-header-display":"","ast-hfb-mobile-header-display":"","site-post-title":"","ast-breadcrumbs-content":"","ast-featured-img":"disabled","footer-sml-layout":"","theme-transparent-header-meta":"","adv-header-id-meta":"","stick-header-meta":"","header-above-stick-meta":"","header-main-stick-meta":"","header-below-stick-meta":"","astra-migrate-meta-layouts":"default","ast-page-background-enabled":"default","ast-page-background-meta":{"desktop":{"background-color":"var(--ast-global-color-5)","background-image":"","background-repeat":"repeat","background-position":"center center","background-size":"auto","background-attachment":"scroll","background-type":"","background-media":"","overlay-type":"","overlay-color":"","overlay-opacity":"","overlay-gradient":""},"tablet":{"background-color":"","background-image":"","background-repeat":"repeat","background-position":"center center","background-size":"auto","background-attachment":"scroll","background-type":"","background-media":"","overlay-type":"","overlay-color":"","overlay-opacity":"","overlay-gradient":""},"mobile":{"background-color":"","background-image":"","background-repeat":"repeat","background-position":"center center","background-size":"auto","background-attachment":"scroll","background-type":"","background-media":"","overlay-type":"","overlay-color":"","overlay-opacity":"","overlay-gradient":""}},"ast-content-background-meta":{"desktop":{"background-color":"var(--ast-global-color-4)","background-image":"","background-repeat":"repeat","background-position":"center center","background-size":"auto","background-attachment":"scroll","background-type":"","background-media":"","overlay-type":"","overlay-color":"","overlay-opacity":"","overlay-gradient":""},"tablet":{"background-color":"var(--ast-global-color-4)","background-image":"","background-repeat":"repeat","background-position":"center center","background-size":"auto","background-attachment":"scroll","background-type":"","background-media":"","overlay-type":"","overlay-color":"","overlay-opacity":"","overlay-gradient":""},"mobile":{"background-color":"var(--ast-global-color-4)","background-image":"","background-repeat":"repeat","background-position":"center center","background-size":"auto","background-attachment":"scroll","background-type":"","background-media":"","overlay-type":"","overlay-color":"","overlay-opacity":"","overlay-gradient":""}},"footnotes":""},"class_list":["post-363","page","type-page","status-publish","hentry"],"jetpack_sharing_enabled":true,"_links":{"self":[{"href":"https:\/\/forismeheszet.hu\/index.php\/wp-json\/wp\/v2\/pages\/363","targetHints":{"allow":["GET"]}}],"collection":[{"href":"https:\/\/forismeheszet.hu\/index.php\/wp-json\/wp\/v2\/pages"}],"about":[{"href":"https:\/\/forismeheszet.hu\/index.php\/wp-json\/wp\/v2\/types\/page"}],"author":[{"embeddable":true,"href":"https:\/\/forismeheszet.hu\/index.php\/wp-json\/wp\/v2\/users\/1"}],"replies":[{"embeddable":true,"href":"https:\/\/forismeheszet.hu\/index.php\/wp-json\/wp\/v2\/comments?post=363"}],"version-history":[{"count":4,"href":"https:\/\/forismeheszet.hu\/index.php\/wp-json\/wp\/v2\/pages\/363\/revisions"}],"predecessor-version":[{"id":370,"href":"https:\/\/forismeheszet.hu\/index.php\/wp-json\/wp\/v2\/pages\/363\/revisions\/370"}],"wp:attachment":[{"href":"https:\/\/forismeheszet.hu\/index.php\/wp-json\/wp\/v2\/media?parent=363"}],"curies":[{"name":"wp","href":"https:\/\/api.w.org\/{rel}","templated":true}]}}