{"id":9,"date":"2025-10-03T15:07:56","date_gmt":"2025-10-03T15:07:56","guid":{"rendered":"https:\/\/forismeheszet.hu\/?page_id=9"},"modified":"2025-10-05T16:18:35","modified_gmt":"2025-10-05T16:18:35","slug":"kezdooldal","status":"publish","type":"page","link":"https:\/\/forismeheszet.hu\/","title":{"rendered":"Kezd\u0151oldal"},"content":{"rendered":"\t\t<div data-elementor-type=\"wp-page\" data-elementor-id=\"9\" class=\"elementor elementor-9\">\n\t\t\t\t<div class=\"elementor-element elementor-element-fc418e2 e-flex e-con-boxed e-con e-parent\" data-id=\"fc418e2\" data-element_type=\"container\">\n\t\t\t\t\t<div class=\"e-con-inner\">\n\t\t<div class=\"elementor-element elementor-element-95ec78c e-con-full e-flex e-con e-child\" data-id=\"95ec78c\" data-element_type=\"container\">\n\t\t\t\t<div class=\"elementor-element elementor-element-93d7d88 elementor-widget elementor-widget-image\" data-id=\"93d7d88\" data-element_type=\"widget\" data-widget_type=\"image.default\">\n\t\t\t\t\t\t\t\t\t\t\t\t\t\t\t<img alt=\"\" fetchpriority=\"high\" decoding=\"async\" width=\"768\" height=\"1024\" src=\"https:\/\/forismeheszet.hu\/wp-content\/uploads\/2025\/10\/IMG_0325-768x1024.jpg\" class=\"attachment-large size-large wp-image-44\" alt=\"\" srcset=\"https:\/\/forismeheszet.hu\/wp-content\/uploads\/2025\/10\/IMG_0325-768x1024.jpg 768w, https:\/\/forismeheszet.hu\/wp-content\/uploads\/2025\/10\/IMG_0325-225x300.jpg 225w, https:\/\/forismeheszet.hu\/wp-content\/uploads\/2025\/10\/IMG_0325-1152x1536.jpg 1152w, https:\/\/forismeheszet.hu\/wp-content\/uploads\/2025\/10\/IMG_0325-1536x2048.jpg 1536w, https:\/\/forismeheszet.hu\/wp-content\/uploads\/2025\/10\/IMG_0325-scaled.jpg 1920w\" sizes=\"(max-width: 768px) 100vw, 768px\" \/>\t\t\t\t\t\t\t\t\t\t\t\t\t\t\t<\/div>\n\t\t\t\t<\/div>\n\t\t<div class=\"elementor-element elementor-element-f750ee2 e-con-full e-flex e-con e-child\" data-id=\"f750ee2\" data-element_type=\"container\">\n\t\t<div class=\"elementor-element elementor-element-512d4c1 e-con-full e-flex e-con e-child\" data-id=\"512d4c1\" data-element_type=\"container\">\n\t\t\t\t<div class=\"elementor-element elementor-element-b66b9da elementor-widget elementor-widget-text-editor\" data-id=\"b66b9da\" data-element_type=\"widget\" data-widget_type=\"text-editor.default\">\n\t\t\t\t\t\t\t\t\t<h4>\u00dcdv\u00f6z\u00f6llek a <b>F\u00f3ris M\u00e9h\u00e9szet<\/b> oldal\u00e1n! \ud83d\udc1d<\/h4><p>Csal\u00e1dunk t\u00f6bb gener\u00e1ci\u00f3 \u00f3ta foglalkozik m\u00e9h\u00e9szettel, szeretettel \u00e9s tisztelettel a term\u00e9szet ir\u00e1nt. Hisz\u00fcnk benne, hogy az igazi m\u00e9z nem csup\u00e1n \u00e9des \u00edz, hanem a term\u00e9szet aj\u00e1nd\u00e9ka, amelyben benne van a m\u00e9hek szorgalma, a vir\u00e1gok illata \u00e9s a gondos emberi munka is.<\/p><p>K\u00edn\u00e1latunkban megtal\u00e1lod a hagyom\u00e1nyos, tiszta termel\u0151i m\u00e9zet, valamint k\u00fcl\u00f6nleges m\u00e9h\u00e9szeti term\u00e9keket is. C\u00e9lunk, hogy minden \u00fcvegbe a lehet\u0151 legt\u00f6bb term\u00e9szetess\u00e9get \u00e9s t\u00f6r\u0151d\u00e9st z\u00e1rjuk, hogy Te is \u00e1t\u00e9lhesd a m\u00e9z val\u00f3di, hamis\u00edtatlan \u00edz\u00e9t.<\/p><p>K\u00f6sz\u00f6nj\u00fck, hogy ben\u00e9zt\u00e9l hozz\u00e1nk, \u00e9s ha teheted, t\u00e1mogasd a hazai termel\u0151i munk\u00e1t egy \u00fcveg F\u00f3ris m\u00e9zzel! \ud83d\udc9b<\/p>\t\t\t\t\t\t\t\t<\/div>\n\t\t\t\t<\/div>\n\t\t<div class=\"elementor-element elementor-element-28d1962 e-con-full e-flex e-con e-child\" data-id=\"28d1962\" data-element_type=\"container\">\n\t\t\t\t<div class=\"elementor-element elementor-element-caa9b95 elementor-position-left elementor-vertical-align-top elementor-widget elementor-widget-image-box\" data-id=\"caa9b95\" data-element_type=\"widget\" data-widget_type=\"image-box.default\">\n\t\t\t\t\t<div class=\"elementor-image-box-wrapper\"><figure class=\"elementor-image-box-img\"><img alt=\"\" decoding=\"async\" width=\"768\" height=\"1024\" src=\"https:\/\/forismeheszet.hu\/wp-content\/uploads\/2025\/10\/IMG_5061-scaled-e1759517036949.jpg\" class=\"attachment-full size-full wp-image-62\" alt=\"\" \/><\/figure><div class=\"elementor-image-box-content\"><h3 class=\"elementor-image-box-title\">Term\u00e9keink jellemz\u0151i:<\/h3><p class=\"elementor-image-box-description\">\ud83c\udf6f 100% tiszta m\u00e9z<br>\n\ud83c\udf6f Term\u00e9szet aj\u00e1nd\u00e9ka<br>\n\ud83c\udf6f Minden cseppje j\u00f3t\u00e9kony<br>\n\ud83c\udf6f Hazai term\u00e9k<br>\n\ud83c\udf6f Csal\u00e1dunk gondos odafigyel\u00e9s\u00e9vel k\u00e9sz\u00fclt<br><br><\/p><\/div><\/div>\t\t\t\t<\/div>\n\t\t\t\t<\/div>\n\t\t\t\t<\/div>\n\t\t\t\t\t<\/div>\n\t\t\t\t<\/div>\n\t\t<div class=\"elementor-element elementor-element-4b7b036 e-flex e-con-boxed e-con e-parent\" data-id=\"4b7b036\" data-element_type=\"container\">\n\t\t\t\t\t<div class=\"e-con-inner\">\n\t\t\t\t<div class=\"elementor-element elementor-element-0186b3e elementor-widget elementor-widget-heading\" data-id=\"0186b3e\" data-element_type=\"widget\" data-widget_type=\"heading.default\">\n\t\t\t\t\t<h2 class=\"elementor-heading-title elementor-size-default\">Az \u00d6n\u00f6k kedvencei<\/h2>\t\t\t\t<\/div>\n\t\t\t\t\t<\/div>\n\t\t\t\t<\/div>\n\t\t<div class=\"elementor-element elementor-element-df02e8c e-grid e-con-boxed e-con e-parent\" data-id=\"df02e8c\" data-element_type=\"container\">\n\t\t\t\t\t<div class=\"e-con-inner\">\n\t\t\t\t<div class=\"elementor-element elementor-element-85dc263 elementor-widget elementor-widget-image\" data-id=\"85dc263\" data-element_type=\"widget\" data-widget_type=\"image.default\">\n\t\t\t\t\t\t\t\t\t\t\t\t<figure class=\"wp-caption\">\n\t\t\t\t\t\t\t\t\t\t\t<a href=\"https:\/\/forismeheszet.hu\/index.php\/rendeles\/\">\n\t\t\t\t\t\t\t<img alt=\"\" decoding=\"async\" width=\"768\" height=\"1024\" src=\"https:\/\/forismeheszet.hu\/wp-content\/uploads\/2025\/10\/AKACMEZ-768x1024.jpg\" class=\"attachment-large size-large wp-image-76\" alt=\"\" srcset=\"https:\/\/forismeheszet.hu\/wp-content\/uploads\/2025\/10\/AKACMEZ-768x1024.jpg 768w, https:\/\/forismeheszet.hu\/wp-content\/uploads\/2025\/10\/AKACMEZ-225x300.jpg 225w, https:\/\/forismeheszet.hu\/wp-content\/uploads\/2025\/10\/AKACMEZ-1152x1536.jpg 1152w, https:\/\/forismeheszet.hu\/wp-content\/uploads\/2025\/10\/AKACMEZ-1536x2048.jpg 1536w, https:\/\/forismeheszet.hu\/wp-content\/uploads\/2025\/10\/AKACMEZ-scaled.jpg 1920w\" sizes=\"(max-width: 768px) 100vw, 768px\" \/>\t\t\t\t\t\t\t\t<\/a>\n\t\t\t\t\t\t\t\t\t\t\t<figcaption class=\"widget-image-caption wp-caption-text\">AK\u00c1CM\u00c9Z<\/figcaption>\n\t\t\t\t\t\t\t\t\t\t<\/figure>\n\t\t\t\t\t\t\t\t\t<\/div>\n\t\t\t\t<div class=\"elementor-element elementor-element-88d7895 elementor-widget elementor-widget-image\" data-id=\"88d7895\" data-element_type=\"widget\" data-widget_type=\"image.default\">\n\t\t\t\t\t\t\t\t\t\t\t\t<figure class=\"wp-caption\">\n\t\t\t\t\t\t\t\t\t\t\t<a href=\"https:\/\/forismeheszet.hu\/index.php\/rendeles\/\">\n\t\t\t\t\t\t\t<img alt=\"\" loading=\"lazy\" decoding=\"async\" width=\"768\" height=\"1024\" src=\"https:\/\/forismeheszet.hu\/wp-content\/uploads\/2025\/10\/VIRAGPOR-768x1024.jpg\" class=\"attachment-large size-large wp-image-77\" alt=\"\" srcset=\"https:\/\/forismeheszet.hu\/wp-content\/uploads\/2025\/10\/VIRAGPOR-768x1024.jpg 768w, https:\/\/forismeheszet.hu\/wp-content\/uploads\/2025\/10\/VIRAGPOR-225x300.jpg 225w, https:\/\/forismeheszet.hu\/wp-content\/uploads\/2025\/10\/VIRAGPOR-1152x1536.jpg 1152w, https:\/\/forismeheszet.hu\/wp-content\/uploads\/2025\/10\/VIRAGPOR-1536x2048.jpg 1536w, https:\/\/forismeheszet.hu\/wp-content\/uploads\/2025\/10\/VIRAGPOR-scaled.jpg 1920w\" sizes=\"(max-width: 768px) 100vw, 768px\" \/>\t\t\t\t\t\t\t\t<\/a>\n\t\t\t\t\t\t\t\t\t\t\t<figcaption class=\"widget-image-caption wp-caption-text\">VIR\u00c1GPOR<\/figcaption>\n\t\t\t\t\t\t\t\t\t\t<\/figure>\n\t\t\t\t\t\t\t\t\t<\/div>\n\t\t\t\t<div class=\"elementor-element elementor-element-eee81ad elementor-widget elementor-widget-image\" data-id=\"eee81ad\" data-element_type=\"widget\" data-widget_type=\"image.default\">\n\t\t\t\t\t\t\t\t\t\t\t\t<figure class=\"wp-caption\">\n\t\t\t\t\t\t\t\t\t\t\t<a href=\"https:\/\/forismeheszet.hu\/index.php\/rendeles\/\">\n\t\t\t\t\t\t\t<img alt=\"\" loading=\"lazy\" decoding=\"async\" width=\"768\" height=\"1024\" src=\"https:\/\/forismeheszet.hu\/wp-content\/uploads\/2025\/10\/PROPOLISZ-768x1024.jpg\" class=\"attachment-large size-large wp-image-78\" alt=\"\" srcset=\"https:\/\/forismeheszet.hu\/wp-content\/uploads\/2025\/10\/PROPOLISZ-768x1024.jpg 768w, https:\/\/forismeheszet.hu\/wp-content\/uploads\/2025\/10\/PROPOLISZ-225x300.jpg 225w, https:\/\/forismeheszet.hu\/wp-content\/uploads\/2025\/10\/PROPOLISZ-1152x1536.jpg 1152w, https:\/\/forismeheszet.hu\/wp-content\/uploads\/2025\/10\/PROPOLISZ-1536x2048.jpg 1536w, https:\/\/forismeheszet.hu\/wp-content\/uploads\/2025\/10\/PROPOLISZ-scaled.jpg 1920w\" sizes=\"(max-width: 768px) 100vw, 768px\" \/>\t\t\t\t\t\t\t\t<\/a>\n\t\t\t\t\t\t\t\t\t\t\t<figcaption class=\"widget-image-caption wp-caption-text\">PROPOLISZ<\/figcaption>\n\t\t\t\t\t\t\t\t\t\t<\/figure>\n\t\t\t\t\t\t\t\t\t<\/div>\n\t\t\t\t\t<\/div>\n\t\t\t\t<\/div>\n\t\t<div class=\"elementor-element elementor-element-c853a24 e-flex e-con-boxed e-con e-parent\" data-id=\"c853a24\" data-element_type=\"container\">\n\t\t\t\t\t<div class=\"e-con-inner\">\n\t\t\t\t<div class=\"elementor-element elementor-element-46c2b89 elementor-widget elementor-widget-heading\" data-id=\"46c2b89\" data-element_type=\"widget\" data-widget_type=\"heading.default\">\n\t\t\t\t\t<h2 class=\"elementor-heading-title elementor-size-default\">V\u00e1s\u00e1rl\u00f3i v\u00e9lem\u00e9nyek <\/h2>\t\t\t\t<\/div>\n\t\t\t\t\t<\/div>\n\t\t\t\t<\/div>\n\t\t<div class=\"elementor-element elementor-element-3659cae e-grid e-con-boxed e-con e-parent\" data-id=\"3659cae\" data-element_type=\"container\">\n\t\t\t\t\t<div class=\"e-con-inner\">\n\t\t\t\t<div class=\"elementor-element elementor-element-3f6d53a elementor-widget elementor-widget-text-editor\" data-id=\"3f6d53a\" data-element_type=\"widget\" data-widget_type=\"text-editor.default\">\n\t\t\t\t\t\t\t\t\t<blockquote><p>A gyerekek im\u00e1dj\u00e1k, palacsint\u00e1hoz mindig ezt k\u00e9rik! \ud83e\udd5e<\/p><\/blockquote>\t\t\t\t\t\t\t\t<\/div>\n\t\t\t\t<div class=\"elementor-element elementor-element-ac41d6f elementor-widget elementor-widget-text-editor\" data-id=\"ac41d6f\" data-element_type=\"widget\" data-widget_type=\"text-editor.default\">\n\t\t\t\t\t\t\t\t\t<blockquote><p>A repcem\u00e9z kr\u00e9mess\u00e9ge teljesen levett a l\u00e1bamr\u00f3l.<\/p><\/blockquote>\t\t\t\t\t\t\t\t<\/div>\n\t\t\t\t<div class=\"elementor-element elementor-element-1de2193 elementor-widget elementor-widget-text-editor\" data-id=\"1de2193\" data-element_type=\"widget\" data-widget_type=\"text-editor.default\">\n\t\t\t\t\t\t\t\t\t<blockquote><p>Bar\u00e1toknak is rendeltem, mindenki dics\u00e9rte az \u00edz\u00e9t!<\/p><\/blockquote>\t\t\t\t\t\t\t\t<\/div>\n\t\t\t\t<div class=\"elementor-element elementor-element-79bd4ea elementor-widget elementor-widget-text-editor\" data-id=\"79bd4ea\" data-element_type=\"widget\" data-widget_type=\"text-editor.default\">\n\t\t\t\t\t\t\t\t\t<blockquote><p>Nagyon finom \u00e9s tiszta \u00edz, \u00e9rezni rajta, hogy igazi termel\u0151i m\u00e9z. \ud83d\udc4c<\/p><\/blockquote>\t\t\t\t\t\t\t\t<\/div>\n\t\t\t\t<div class=\"elementor-element elementor-element-9e04712 elementor-widget elementor-widget-text-editor\" data-id=\"9e04712\" data-element_type=\"widget\" data-widget_type=\"text-editor.default\">\n\t\t\t\t\t\t\t\t\t<blockquote><p>Anyuk\u00e1mnak vittem aj\u00e1nd\u00e9kba, teljesen odavolt \u00e9rte.<\/p><\/blockquote>\t\t\t\t\t\t\t\t<\/div>\n\t\t\t\t<div class=\"elementor-element elementor-element-376bbf1 elementor-widget elementor-widget-text-editor\" data-id=\"376bbf1\" data-element_type=\"widget\" data-widget_type=\"text-editor.default\">\n\t\t\t\t\t\t\t\t\t<blockquote><p>Rendeltem ak\u00e1cm\u00e9zet, \u00e9s valami mennyei! \u00a0K\u00f6sz\u00f6n\u00f6m!\u201d<\/p><\/blockquote>\t\t\t\t\t\t\t\t<\/div>\n\t\t\t\t<div class=\"elementor-element elementor-element-406eb8f elementor-widget elementor-widget-text-editor\" data-id=\"406eb8f\" data-element_type=\"widget\" data-widget_type=\"text-editor.default\">\n\t\t\t\t\t\t\t\t\t<blockquote><p>A h\u00e1rsm\u00e9z most a kedvencem, de legk\u00f6zelebb kipr\u00f3b\u00e1lom a repc\u00e9t is!<\/p><\/blockquote>\t\t\t\t\t\t\t\t<\/div>\n\t\t\t\t<div class=\"elementor-element elementor-element-2717646 elementor-widget elementor-widget-text-editor\" data-id=\"2717646\" data-element_type=\"widget\" data-widget_type=\"text-editor.default\">\n\t\t\t\t\t\t\t\t\t<blockquote><p>Gyors sz\u00e1ll\u00edt\u00e1s, kedves kiszolg\u00e1l\u00e1s, csak aj\u00e1nlani tudom.<\/p><\/blockquote>\t\t\t\t\t\t\t\t<\/div>\n\t\t\t\t<div class=\"elementor-element elementor-element-cebe6e8 elementor-widget elementor-widget-text-editor\" data-id=\"cebe6e8\" data-element_type=\"widget\" data-widget_type=\"text-editor.default\">\n\t\t\t\t\t\t\t\t\t<blockquote><p>A h\u00e1rsm\u00e9z t\u00f6k\u00e9letes te\u00e1hoz, egyszer\u0171en mennyei! \u2615<\/p><\/blockquote>\t\t\t\t\t\t\t\t<\/div>\n\t\t\t\t\t<\/div>\n\t\t\t\t<\/div>\n\t\t\t\t<\/div>\n\t\t","protected":false},"excerpt":{"rendered":"<p>\u00dcdv\u00f6z\u00f6llek a F\u00f3ris M\u00e9h\u00e9szet oldal\u00e1n! \ud83d\udc1d Csal\u00e1dunk t\u00f6bb gener\u00e1ci\u00f3 \u00f3ta foglalkozik m\u00e9h\u00e9szettel, szeretettel \u00e9s tisztelettel a term\u00e9szet ir\u00e1nt. Hisz\u00fcnk benne, [&hellip;]<\/p>\n","protected":false},"author":1,"featured_media":0,"parent":0,"menu_order":0,"comment_status":"closed","ping_status":"closed","template":"","meta":{"_seopress_robots_primary_cat":"","_seopress_titles_title":"","_seopress_titles_desc":"","_seopress_robots_index":"","site-sidebar-layout":"no-sidebar","site-content-layout":"","ast-site-content-layout":"full-width-container","site-content-style":"default","site-sidebar-style":"default","ast-global-header-display":"","ast-banner-title-visibility":"","ast-main-header-display":"","ast-hfb-above-header-display":"","ast-hfb-below-header-display":"","ast-hfb-mobile-header-display":"","site-post-title":"","ast-breadcrumbs-content":"","ast-featured-img":"disabled","footer-sml-layout":"","theme-transparent-header-meta":"","adv-header-id-meta":"","stick-header-meta":"","header-above-stick-meta":"","header-main-stick-meta":"","header-below-stick-meta":"","astra-migrate-meta-layouts":"default","ast-page-background-enabled":"default","ast-page-background-meta":{"desktop":{"background-color":"var(--ast-global-color-5)","background-image":"","background-repeat":"repeat","background-position":"center center","background-size":"auto","background-attachment":"scroll","background-type":"","background-media":"","overlay-type":"","overlay-color":"","overlay-opacity":"","overlay-gradient":""},"tablet":{"background-color":"","background-image":"","background-repeat":"repeat","background-position":"center center","background-size":"auto","background-attachment":"scroll","background-type":"","background-media":"","overlay-type":"","overlay-color":"","overlay-opacity":"","overlay-gradient":""},"mobile":{"background-color":"","background-image":"","background-repeat":"repeat","background-position":"center center","background-size":"auto","background-attachment":"scroll","background-type":"","background-media":"","overlay-type":"","overlay-color":"","overlay-opacity":"","overlay-gradient":""}},"ast-content-background-meta":{"desktop":{"background-color":"var(--ast-global-color-4)","background-image":"","background-repeat":"repeat","background-position":"center center","background-size":"auto","background-attachment":"scroll","background-type":"","background-media":"","overlay-type":"","overlay-color":"","overlay-opacity":"","overlay-gradient":""},"tablet":{"background-color":"var(--ast-global-color-4)","background-image":"","background-repeat":"repeat","background-position":"center center","background-size":"auto","background-attachment":"scroll","background-type":"","background-media":"","overlay-type":"","overlay-color":"","overlay-opacity":"","overlay-gradient":""},"mobile":{"background-color":"var(--ast-global-color-4)","background-image":"","background-repeat":"repeat","background-position":"center center","background-size":"auto","background-attachment":"scroll","background-type":"","background-media":"","overlay-type":"","overlay-color":"","overlay-opacity":"","overlay-gradient":""}},"footnotes":""},"class_list":["post-9","page","type-page","status-publish","hentry"],"jetpack_sharing_enabled":true,"_links":{"self":[{"href":"https:\/\/forismeheszet.hu\/index.php\/wp-json\/wp\/v2\/pages\/9","targetHints":{"allow":["GET"]}}],"collection":[{"href":"https:\/\/forismeheszet.hu\/index.php\/wp-json\/wp\/v2\/pages"}],"about":[{"href":"https:\/\/forismeheszet.hu\/index.php\/wp-json\/wp\/v2\/types\/page"}],"author":[{"embeddable":true,"href":"https:\/\/forismeheszet.hu\/index.php\/wp-json\/wp\/v2\/users\/1"}],"replies":[{"embeddable":true,"href":"https:\/\/forismeheszet.hu\/index.php\/wp-json\/wp\/v2\/comments?post=9"}],"version-history":[{"count":49,"href":"https:\/\/forismeheszet.hu\/index.php\/wp-json\/wp\/v2\/pages\/9\/revisions"}],"predecessor-version":[{"id":316,"href":"https:\/\/forismeheszet.hu\/index.php\/wp-json\/wp\/v2\/pages\/9\/revisions\/316"}],"wp:attachment":[{"href":"https:\/\/forismeheszet.hu\/index.php\/wp-json\/wp\/v2\/media?parent=9"}],"curies":[{"name":"wp","href":"https:\/\/api.w.org\/{rel}","templated":true}]}}